{"id":39251,"date":"2022-01-26T12:19:25","date_gmt":"2022-01-26T11:19:25","guid":{"rendered":"https:\/\/isottaparfums.com\/a-tout-jamais-2\/"},"modified":"2022-06-10T10:37:25","modified_gmt":"2022-06-10T08:37:25","slug":"a-tout-jamais-2","status":"publish","type":"page","link":"https:\/\/isottaparfums.com\/en\/a-tout-jamais-2\/","title":{"rendered":"A tout jamais"},"content":{"rendered":"<p>[et_pb_section fb_built=&#8221;1&#8243; _builder_version=&#8221;4.16&#8243; _module_preset=&#8221;default&#8221; global_colors_info=&#8221;{}&#8221;][et_pb_row column_structure=&#8221;3_5,2_5&#8243; use_custom_gutter=&#8221;on&#8221; gutter_width=&#8221;2&#8243; _builder_version=&#8221;4.16&#8243; _module_preset=&#8221;default&#8221; width=&#8221;90%&#8221; max_width=&#8221;1660px&#8221; custom_css_main_element=&#8221;    display: -webkit-box;||    display: -ms-flexbox;||    display: flex;||    -webkit-box-align: center;||    -ms-flex-align: center;||    align-items: center;||    -webkit-box-orient: horizontal;||    -webkit-box-direction: normal;||    -ms-flex-direction: row;||    flex-direction: row;||    -ms-flex-wrap: wrap;||    flex-wrap: wrap;&#8221; global_colors_info=&#8221;{}&#8221;][et_pb_column type=&#8221;3_5&#8243; _builder_version=&#8221;4.16&#8243; _module_preset=&#8221;default&#8221; global_colors_info=&#8221;{}&#8221;][et_pb_image src=&#8221;https:\/\/isottaparfums.com\/wp-content\/uploads\/2021\/12\/a_tout_jamais_montage.jpg&#8221; alt=&#8221;\u00c0 tout jamais &#8211; Eau de parfum&#8221; align=&#8221;right&#8221; align_tablet=&#8221;center&#8221; align_phone=&#8221;center&#8221; align_last_edited=&#8221;on|desktop&#8221; _builder_version=&#8221;4.16&#8243; _module_preset=&#8221;default&#8221; global_colors_info=&#8221;{}&#8221;][\/et_pb_image][et_pb_text _builder_version=&#8221;4.16&#8243; _module_preset=&#8221;default&#8221; text_text_color=&#8221;#917500&#8243; text_font_size=&#8221;13px&#8221; custom_margin=&#8221;-16px||||false|false&#8221; custom_margin_tablet=&#8221;|5px|||false|false&#8221; custom_margin_phone=&#8221;|5px|||false|false&#8221; custom_margin_last_edited=&#8221;on|desktop&#8221; global_colors_info=&#8221;{}&#8221;]<\/p>\n<p style=\"text-align: right;\">Edouard Debat-Ponsan Simone Debat-Ponsan dans sa loge \u00e0 l&#8217;Op\u00e9ra Mus\u00e9e des Beaux-Arts de Tours<\/p>\n<p>[\/et_pb_text][\/et_pb_column][et_pb_column type=&#8221;2_5&#8243; _builder_version=&#8221;4.16&#8243; _module_preset=&#8221;default&#8221; global_colors_info=&#8221;{}&#8221;][et_pb_text _builder_version=&#8221;4.16&#8243; _module_preset=&#8221;default&#8221; header_font=&#8221;||on||||||&#8221; header_font_size=&#8221;44px&#8221; header_letter_spacing=&#8221;4px&#8221; header_2_font=&#8221;||on||||||&#8221; header_2_font_size=&#8221;22px&#8221; global_colors_info=&#8221;{}&#8221;]<\/p>\n<h1>\u00c0 tout jamais<\/h1>\n<h2>Eau de Parfum<\/h2>\n<p>[\/et_pb_text][et_pb_text _builder_version=&#8221;4.16&#8243; _module_preset=&#8221;default&#8221; text_font=&#8221;||||||||&#8221; text_text_color=&#8221;#917500&#8243; text_font_size=&#8221;20px&#8221; header_font=&#8221;||on||||||&#8221; header_font_size=&#8221;38px&#8221; header_2_font=&#8221;||on||||||&#8221; header_2_font_size=&#8221;20px&#8221; global_colors_info=&#8221;{}&#8221;]<\/p>\n<p>An evening at the Opera<\/p>\n<p>Rustling of silks<br \/>Gentle clicking of fans<br \/>An ancient theatre<br \/>The red velvet curtain rising<br \/>A different era<br \/>Long gone<\/p>\n<p>[\/et_pb_text][et_pb_text _builder_version=&#8221;4.16&#8243; _module_preset=&#8221;default&#8221; text_font_size=&#8221;19px&#8221; text_line_height=&#8221;1.3em&#8221; link_option_url_new_window=&#8221;on&#8221; global_colors_info=&#8221;{}&#8221;]<\/p>\n<p>Our products will soon be sold on our website. Would you like to be informed of the release of our online store? Subscribe to the newsletter.<\/p>\n<p>[\/et_pb_text][et_pb_button button_url=&#8221;https:\/\/mailchi.mp\/13fdd8512370\/inscription-newsletter&#8221; url_new_window=&#8221;on&#8221; button_text=&#8221;Subscribe&#8221; _builder_version=&#8221;4.16&#8243; _module_preset=&#8221;default&#8221; custom_button=&#8221;on&#8221; button_text_size=&#8221;23px&#8221; button_text_color=&#8221;#917500&#8243; button_bg_color=&#8221;rgba(251,249,238,0.8)&#8221; button_border_width=&#8221;0px&#8221; button_font=&#8221;|600|on||||||&#8221; button_icon=&#8221;&#x39;||divi||400&#8243; box_shadow_style=&#8221;preset1&#8243; box_shadow_color=&#8221;rgba(0,0,0,0.15)&#8221; global_colors_info=&#8221;{}&#8221;][\/et_pb_button][\/et_pb_column][\/et_pb_row][\/et_pb_section][et_pb_section fb_built=&#8221;1&#8243; _builder_version=&#8221;4.16&#8243; _module_preset=&#8221;default&#8221; custom_padding=&#8221;10px||||false|false&#8221; global_colors_info=&#8221;{}&#8221;][et_pb_row column_structure=&#8221;1_4,1_4,1_2&#8243; use_custom_gutter=&#8221;on&#8221; gutter_width=&#8221;2&#8243; _builder_version=&#8221;4.16&#8243; _module_preset=&#8221;default&#8221; max_width=&#8221;1660px&#8221; global_colors_info=&#8221;{}&#8221;][et_pb_column type=&#8221;1_4&#8243; _builder_version=&#8221;4.16&#8243; _module_preset=&#8221;default&#8221; global_colors_info=&#8221;{}&#8221;][et_pb_text _builder_version=&#8221;4.16&#8243; _module_preset=&#8221;default&#8221; header_2_font=&#8221;|600|||||||&#8221; header_2_font_size=&#8221;18px&#8221; custom_margin=&#8221;8px|||50px|false|false&#8221; global_colors_info=&#8221;{}&#8221;]<\/p>\n<h2>PRODUCTS<\/h2>\n<p>[\/et_pb_text][et_pb_divider divider_weight=&#8221;0px&#8221; _builder_version=&#8221;4.16&#8243; _module_preset=&#8221;default&#8221; global_colors_info=&#8221;{}&#8221;][\/et_pb_divider][et_pb_divider divider_weight=&#8221;0px&#8221; _builder_version=&#8221;4.16&#8243; _module_preset=&#8221;default&#8221; global_colors_info=&#8221;{}&#8221;][\/et_pb_divider][et_pb_image src=&#8221;https:\/\/isottaparfums.com\/wp-content\/uploads\/2021\/12\/atj_50ml.jpg&#8221; alt=&#8221;A tout jamais &#8211; 50 ml&#8221; align_tablet=&#8221;&#8221; align_phone=&#8221;center&#8221; align_last_edited=&#8221;on|desktop&#8221; _builder_version=&#8221;4.16&#8243; _module_preset=&#8221;default&#8221; width=&#8221;80%&#8221; global_colors_info=&#8221;{}&#8221;][\/et_pb_image][et_pb_text _builder_version=&#8221;4.17.4&#8243; _module_preset=&#8221;default&#8221; text_font_size=&#8221;17px&#8221; text_line_height=&#8221;1.5em&#8221; custom_padding=&#8221;7px||||false|false&#8221; hover_enabled=&#8221;0&#8243; global_colors_info=&#8221;{}&#8221; sticky_enabled=&#8221;0&#8243;]<\/p>\n<p>50 ml glass bottle, recyclable or reusable<br \/>Screw-on spray<br \/>Paper case FSC recyclable<br \/>Silk paper Chlorine free FSC, recyclable<br \/>180 \u20ac<\/p>\n<p>[\/et_pb_text][\/et_pb_column][et_pb_column type=&#8221;1_4&#8243; _builder_version=&#8221;4.16&#8243; _module_preset=&#8221;default&#8221; global_colors_info=&#8221;{}&#8221;][et_pb_divider divider_weight=&#8221;0px&#8221; _builder_version=&#8221;4.16&#8243; _module_preset=&#8221;default&#8221; global_colors_info=&#8221;{}&#8221;][\/et_pb_divider][et_pb_divider divider_weight=&#8221;0px&#8221; _builder_version=&#8221;4.16&#8243; _module_preset=&#8221;default&#8221; global_colors_info=&#8221;{}&#8221;][\/et_pb_divider][et_pb_image src=&#8221;https:\/\/isottaparfums.com\/wp-content\/uploads\/2021\/12\/atj_vapo.jpg&#8221; alt=&#8221;A tout jamais &#8211; 11 ml spray&#8221; align_tablet=&#8221;&#8221; align_phone=&#8221;center&#8221; align_last_edited=&#8221;on|desktop&#8221; _builder_version=&#8221;4.16&#8243; _module_preset=&#8221;default&#8221; width=&#8221;54%&#8221; custom_padding=&#8221;23px||||false|false&#8221; global_colors_info=&#8221;{}&#8221;][\/et_pb_image][et_pb_text _builder_version=&#8221;4.17.4&#8243; _module_preset=&#8221;default&#8221; text_font_size=&#8221;17px&#8221; text_line_height=&#8221;1.5em&#8221; hover_enabled=&#8221;0&#8243; global_colors_info=&#8221;{}&#8221; sticky_enabled=&#8221;0&#8243;]<\/p>\n<p>Purse spray<br \/>Glass bottle 11ml, recyclable, screw-on spray<br \/>Pipette to fill in from the 50ml bottle<br \/>Paper case FSC recyclable<br \/>Silk paper Chlorine-free FSC, recyclable<br \/>60 \u20ac<\/p>\n<p>[\/et_pb_text][\/et_pb_column][et_pb_column type=&#8221;1_2&#8243; _builder_version=&#8221;4.16&#8243; _module_preset=&#8221;default&#8221; global_colors_info=&#8221;{}&#8221;][et_pb_tabs active_tab_background_color=&#8221;#ffffff&#8221; active_tab_text_color=&#8221;#917500&#8243; _builder_version=&#8221;4.16&#8243; _module_preset=&#8221;default&#8221; tab_text_color=&#8221;#917500&#8243; body_font_size=&#8221;18px&#8221; tab_font=&#8221;|||on|||||&#8221; tab_font_size=&#8221;18px&#8221; tab_line_height=&#8221;2em&#8221; border_width_all=&#8221;0px&#8221; global_colors_info=&#8221;{}&#8221;][et_pb_tab title=&#8221;Ingredients&#8221; _builder_version=&#8221;4.16&#8243; _module_preset=&#8221;default&#8221; body_font_size=&#8221;18px&#8221; global_colors_info=&#8221;{}&#8221;]<\/p>\n<p>Lemon Italy *<br \/>Bergamot Italy *<br \/>Green Mandarine Brazil *<br \/>Orange Mexico *<br \/>Coriander Ukrain<br \/>Red Thyme Spain *<br \/>Clary sage France *<br \/>Nutmeg Indonesia *<br \/>Clove Madagascar *<br \/>Patchouli Indonesia *<br \/>Geranium Egypt *<br \/>Rose Bulgaria *<br \/>Jasmin Egypt extract *<br \/>Tuberose enfleurage Colombia *<br \/>Ylang Ylang Comores *<br \/>Tonka bean Venezuela *<br \/>Vanilla Madagascar *<br \/>Heliotropin natural<br \/>Orris France<br \/>Vetiver Madagascar *<br \/>Labdanum Spain **<br \/>Sandalwood New Caledonia **<br \/>Encens resino\u00efd Somalia **<br \/>Ambrette India<br \/>Ambre gris from the oceans **<\/p>\n<p class=\"precproduits\">* from certified organic farming ** pesticide-free agriculture or harvested in the wild (not cultivated)<br \/>100% des ingr\u00e9dients are of natural origin, 82,34% are produced from certified organic farming; 4,10% come from pesticide-free agriculture or are harvested in the wild; 1,22% are from conventional agriculture, 0,01% from biotechnologies, and 12,33% is natural mineral water.<br \/>If you add the ingredients water, organic certified and wild, you obtain 98,77% of the formula, which is itself 100% natural.<\/p>\n<p>[\/et_pb_tab][et_pb_tab title=&#8221;Notice&#8221; _builder_version=&#8221;4.16&#8243; _module_preset=&#8221;default&#8221; body_font_size=&#8221;18px&#8221; global_colors_info=&#8221;{}&#8221;]<\/p>\n<p>Ingredients: alcohol, aqua, parfum, limonene, linalool, geraniol, citronellol, citral, eugenol, coumarin, benzyl benzoate, farnesol, cinnamyl alcohol, amyl cinnamal, benzyl alcohol, benzyl salicylate.<\/p>\n<p>Usage precautions:<br \/>Flammable. Keep away from all flame. Do not ingest, do not spray towards the eyes or irritated skin. Avoid sun exposure after application. Keep out of the reach of children. Do not spray on clothes to avoid stains. Do not use for any other purpose than as a perfume.<\/p>\n<p>The ingredients listed after \u201cParfum\u201d are the natural molecules present that may be susceptible to cause allergies.<br \/>Recyclable glass bottle Packaging and silk paper recyclable. Spray non recyclable.<\/p>\n<p>EAU DE PARFUM<br \/>Made in France.<\/p>\n<p>[\/et_pb_tab][\/et_pb_tabs][\/et_pb_column][\/et_pb_row][\/et_pb_section]<\/p>\n","protected":false},"excerpt":{"rendered":"<p>Edouard Debat-Ponsan Simone Debat-Ponsan dans sa loge \u00e0 l&#8217;Op\u00e9ra Mus\u00e9e des Beaux-Arts de Tours\u00c0 tout jamais Eau de ParfumAn evening at the Opera Rustling of silksGentle clicking of fansAn ancient theatreThe red velvet curtain risingA different eraLong goneOur products will soon be sold on our website. Would you like to be informed of the release [&hellip;]<\/p>\n","protected":false},"author":11,"featured_media":0,"parent":0,"menu_order":0,"comment_status":"closed","ping_status":"closed","template":"","meta":{"_et_pb_use_builder":"on","_et_pb_old_content":"","_et_gb_content_width":"","footnotes":""},"dipi_cpt_category":[],"class_list":["post-39251","page","type-page","status-publish","hentry"],"_links":{"self":[{"href":"https:\/\/isottaparfums.com\/en\/wp-json\/wp\/v2\/pages\/39251","targetHints":{"allow":["GET"]}}],"collection":[{"href":"https:\/\/isottaparfums.com\/en\/wp-json\/wp\/v2\/pages"}],"about":[{"href":"https:\/\/isottaparfums.com\/en\/wp-json\/wp\/v2\/types\/page"}],"author":[{"embeddable":true,"href":"https:\/\/isottaparfums.com\/en\/wp-json\/wp\/v2\/users\/11"}],"replies":[{"embeddable":true,"href":"https:\/\/isottaparfums.com\/en\/wp-json\/wp\/v2\/comments?post=39251"}],"version-history":[{"count":0,"href":"https:\/\/isottaparfums.com\/en\/wp-json\/wp\/v2\/pages\/39251\/revisions"}],"wp:attachment":[{"href":"https:\/\/isottaparfums.com\/en\/wp-json\/wp\/v2\/media?parent=39251"}],"wp:term":[{"taxonomy":"dipi_cpt_category","embeddable":true,"href":"https:\/\/isottaparfums.com\/en\/wp-json\/wp\/v2\/dipi_cpt_category?post=39251"}],"curies":[{"name":"wp","href":"https:\/\/api.w.org\/{rel}","templated":true}]}}