{"id":40092,"date":"2022-08-12T17:39:10","date_gmt":"2022-08-12T15:39:10","guid":{"rendered":"https:\/\/isottaparfums.com\/shop\/"},"modified":"2022-11-01T16:09:21","modified_gmt":"2022-11-01T15:09:21","slug":"shop","status":"publish","type":"page","link":"https:\/\/isottaparfums.com\/en\/shop\/","title":{"rendered":"Shop"},"content":{"rendered":"<p>[et_pb_section fb_built=&#8221;1&#8243; _builder_version=&#8221;4.16&#8243; _module_preset=&#8221;default&#8221; global_colors_info=&#8221;{}&#8221;][et_pb_row column_structure=&#8221;1_2,1_2&#8243; use_custom_gutter=&#8221;on&#8221; gutter_width=&#8221;4&#8243; _builder_version=&#8221;4.17.6&#8243; _module_preset=&#8221;default&#8221; custom_padding=&#8221;0px||||false|false&#8221; global_colors_info=&#8221;{}&#8221;][et_pb_column type=&#8221;1_2&#8243; _builder_version=&#8221;4.17.6&#8243; _module_preset=&#8221;default&#8221; global_colors_info=&#8221;{}&#8221;][et_pb_image src=&#8221;https:\/\/isottaparfums.com\/wp-content\/uploads\/2021\/10\/petitgrain.jpg&#8221; alt=&#8221;Petitgrain &#8211; Perfume&#8221; title_text=&#8221;Petitgrain&#8221; url=&#8221;https:\/\/isottaparfums.com\/en\/produit\/petitgrain\/&#8221; align=&#8221;center&#8221; _builder_version=&#8221;4.17.6&#8243; _module_preset=&#8221;default&#8221; width=&#8221;80%&#8221; global_colors_info=&#8221;{}&#8221;][\/et_pb_image][et_pb_text _builder_version=&#8221;4.17.6&#8243; _module_preset=&#8221;default&#8221; text_font_size=&#8221;15px&#8221; header_2_font=&#8221;||on||||||&#8221; header_2_text_align=&#8221;center&#8221; header_2_font_size=&#8221;28px&#8221; header_2_letter_spacing=&#8221;5px&#8221; header_2_line_height=&#8221;1.7em&#8221; header_3_font=&#8221;|600|||||||&#8221; header_3_text_color=&#8221;#211B00&#8243; header_3_font_size=&#8221;18px&#8221; custom_margin=&#8221;-20px||||false|false&#8221; link_option_url=&#8221;https:\/\/isottaparfums.com\/en\/produit\/petitgrain\/&#8221; global_colors_info=&#8221;{}&#8221;]<\/p>\n<h2>Petitgrain<\/h2>\n<p>[\/et_pb_text][\/et_pb_column][et_pb_column type=&#8221;1_2&#8243; _builder_version=&#8221;4.16&#8243; _module_preset=&#8221;default&#8221; global_colors_info=&#8221;{}&#8221;][et_pb_image src=&#8221;https:\/\/isottaparfums.com\/wp-content\/uploads\/2021\/09\/bebe_neroli_collection.jpg&#8221; alt=&#8221;B\u00e9b\u00e9 N\u00e9roli &#8211; Perfume&#8221; title_text=&#8221;B\u00e9b\u00e9 N\u00e9roli&#8221; url=&#8221;https:\/\/isottaparfums.com\/en\/produit\/bebe-neroli\/&#8221; align=&#8221;center&#8221; _builder_version=&#8221;4.17.6&#8243; _module_preset=&#8221;default&#8221; width=&#8221;80%&#8221; box_shadow_style=&#8221;preset3&#8243; global_colors_info=&#8221;{}&#8221;][\/et_pb_image][et_pb_text _builder_version=&#8221;4.17.6&#8243; _module_preset=&#8221;default&#8221; text_font_size=&#8221;15px&#8221; header_2_font=&#8221;||on||||||&#8221; header_2_text_align=&#8221;center&#8221; header_2_font_size=&#8221;28px&#8221; header_2_letter_spacing=&#8221;5px&#8221; header_2_line_height=&#8221;1.7em&#8221; header_3_font=&#8221;|600|||||||&#8221; header_3_text_color=&#8221;#211B00&#8243; header_3_font_size=&#8221;18px&#8221; custom_margin=&#8221;-20px||||false|false&#8221; link_option_url=&#8221;https:\/\/isottaparfums.com\/en\/produit\/bebe-neroli\/&#8221; global_colors_info=&#8221;{}&#8221;]<\/p>\n<h2>B\u00e9b\u00e9 N\u00e9roli<\/h2>\n<p>[\/et_pb_text][\/et_pb_column][\/et_pb_row][et_pb_row column_structure=&#8221;1_2,1_2&#8243; use_custom_gutter=&#8221;on&#8221; gutter_width=&#8221;4&#8243; _builder_version=&#8221;4.16&#8243; _module_preset=&#8221;default&#8221; custom_padding=&#8221;30px||||false|false&#8221; global_colors_info=&#8221;{}&#8221;][et_pb_column type=&#8221;1_2&#8243; _builder_version=&#8221;4.16&#8243; _module_preset=&#8221;default&#8221; global_colors_info=&#8221;{}&#8221;][et_pb_image src=&#8221;https:\/\/isottaparfums.com\/wp-content\/uploads\/2021\/09\/fp_atj.jpg&#8221; alt=&#8221;A tout jamais &#8211; Perfume&#8221; title_text=&#8221;A tout jamais&#8221; url=&#8221;https:\/\/isottaparfums.com\/en\/produit\/a-tout-jamais\/&#8221; _builder_version=&#8221;4.17.6&#8243; _module_preset=&#8221;default&#8221; width=&#8221;80%&#8221; module_alignment=&#8221;center&#8221; box_shadow_style=&#8221;preset1&#8243; global_colors_info=&#8221;{}&#8221;][\/et_pb_image][et_pb_text _builder_version=&#8221;4.17.6&#8243; _module_preset=&#8221;default&#8221; text_font_size=&#8221;15px&#8221; header_2_font=&#8221;||on||||||&#8221; header_2_text_align=&#8221;center&#8221; header_2_font_size=&#8221;28px&#8221; header_2_letter_spacing=&#8221;5px&#8221; header_2_line_height=&#8221;1.7em&#8221; header_3_font=&#8221;|600|||||||&#8221; header_3_text_color=&#8221;#211B00&#8243; header_3_font_size=&#8221;18px&#8221; custom_margin=&#8221;-20px||||false|false&#8221; link_option_url=&#8221;https:\/\/isottaparfums.com\/en\/produit\/a-tout-jamais\/&#8221; global_colors_info=&#8221;{}&#8221;]<\/p>\n<h2>\u00c0 tout jamais<\/h2>\n<p>[\/et_pb_text][\/et_pb_column][et_pb_column type=&#8221;1_2&#8243; _builder_version=&#8221;4.16&#8243; _module_preset=&#8221;default&#8221; global_colors_info=&#8221;{}&#8221;][et_pb_image src=&#8221;https:\/\/isottaparfums.com\/wp-content\/uploads\/2021\/10\/lhommedc.jpg&#8221; alt=&#8221;L&#8217;Homme d&#8217;\u00e0 c\u00f4t\u00e9 &#8211; Eau de parfum&#8221; title_text=&#8221;L&#8217;Homme d&#8217;\u00e0 c\u00f4t\u00e9&#8221; url=&#8221;https:\/\/isottaparfums.com\/en\/produit\/lhomme-da-cote\/&#8221; align=&#8221;center&#8221; _builder_version=&#8221;4.17.6&#8243; _module_preset=&#8221;default&#8221; width=&#8221;80%&#8221; global_colors_info=&#8221;{}&#8221;][\/et_pb_image][et_pb_text _builder_version=&#8221;4.17.6&#8243; _module_preset=&#8221;default&#8221; text_font_size=&#8221;15px&#8221; header_2_font=&#8221;||on||||||&#8221; header_2_text_align=&#8221;center&#8221; header_2_font_size=&#8221;28px&#8221; header_2_letter_spacing=&#8221;5px&#8221; header_2_line_height=&#8221;1.7em&#8221; header_3_font=&#8221;|600|||||||&#8221; header_3_text_color=&#8221;#211B00&#8243; header_3_font_size=&#8221;18px&#8221; custom_margin=&#8221;-20px||||false|false&#8221; link_option_url=&#8221;https:\/\/isottaparfums.com\/en\/produit\/lhomme-da-cote\/&#8221; global_colors_info=&#8221;{}&#8221;]<\/p>\n<h2>L&#8217;Homme d&#8217;\u00e0 c\u00f4t\u00e9<\/h2>\n<p>[\/et_pb_text][\/et_pb_column][\/et_pb_row][et_pb_row column_structure=&#8221;1_2,1_2&#8243; use_custom_gutter=&#8221;on&#8221; gutter_width=&#8221;4&#8243; _builder_version=&#8221;4.16&#8243; _module_preset=&#8221;default&#8221; custom_padding=&#8221;30px||||false|false&#8221; global_colors_info=&#8221;{}&#8221;][et_pb_column type=&#8221;1_2&#8243; _builder_version=&#8221;4.16&#8243; _module_preset=&#8221;default&#8221; global_colors_info=&#8221;{}&#8221;][et_pb_image src=&#8221;https:\/\/isottaparfums.com\/wp-content\/uploads\/2022\/06\/amour_sacre_encens.jpg&#8221; alt=&#8221;Amour sacr\u00e9&#8221; url=&#8221;https:\/\/isottaparfums.com\/en\/produit\/amour-sacre\/&#8221; _builder_version=&#8221;4.17.6&#8243; _module_preset=&#8221;default&#8221; width=&#8221;80%&#8221; module_alignment=&#8221;center&#8221; global_colors_info=&#8221;{}&#8221;][\/et_pb_image][et_pb_text _builder_version=&#8221;4.17.6&#8243; _module_preset=&#8221;default&#8221; text_font_size=&#8221;15px&#8221; header_2_font=&#8221;||on||||||&#8221; header_2_text_align=&#8221;center&#8221; header_2_font_size=&#8221;28px&#8221; header_2_letter_spacing=&#8221;5px&#8221; header_2_line_height=&#8221;1.7em&#8221; header_3_font=&#8221;|600|||||||&#8221; header_3_text_color=&#8221;#211B00&#8243; header_3_font_size=&#8221;18px&#8221; custom_margin=&#8221;-20px||||false|false&#8221; link_option_url=&#8221;https:\/\/isottaparfums.com\/en\/produit\/amour-sacre\/&#8221; global_colors_info=&#8221;{}&#8221;]<\/p>\n<h2>Amour Sacr\u00e9<\/h2>\n<p>[\/et_pb_text][\/et_pb_column][et_pb_column type=&#8221;1_2&#8243; _builder_version=&#8221;4.16&#8243; _module_preset=&#8221;default&#8221; global_colors_info=&#8221;{}&#8221;][et_pb_image src=&#8221;https:\/\/isottaparfums.com\/wp-content\/uploads\/2022\/06\/amour_sacre.jpg&#8221; alt=&#8221;I eau de parfum&#8221; url=&#8221;https:\/\/isottaparfums.com\/en\/produit\/i-daim\/&#8221; align=&#8221;center&#8221; _builder_version=&#8221;4.17.6&#8243; _module_preset=&#8221;default&#8221; width=&#8221;80%&#8221; global_colors_info=&#8221;{}&#8221;][\/et_pb_image][et_pb_image src=&#8221;https:\/\/isottaparfums.com\/wp-content\/uploads\/2022\/06\/Lettre-_I_-parfum-I.png&#8221; alt=&#8221;I eau de parfum&#8221; url=&#8221;https:\/\/isottaparfums.com\/en\/produit\/i-daim\/&#8221; align=&#8221;center&#8221; _builder_version=&#8221;4.17.6&#8243; _module_preset=&#8221;default&#8221; width=&#8221;14%&#8221; width_tablet=&#8221;13%&#8221; width_phone=&#8221;19%&#8221; width_last_edited=&#8221;on|desktop&#8221; max_width=&#8221;100%&#8221; custom_margin=&#8221;-35px||||false|false&#8221; custom_margin_tablet=&#8221;-35px||||false|false&#8221; custom_margin_phone=&#8221;-35px||||false|false&#8221; custom_margin_last_edited=&#8221;on|desktop&#8221; custom_padding=&#8221;||||false|false&#8221; global_colors_info=&#8221;{}&#8221;][\/et_pb_image][\/et_pb_column][\/et_pb_row][et_pb_row column_structure=&#8221;1_2,1_2&#8243; use_custom_gutter=&#8221;on&#8221; gutter_width=&#8221;4&#8243; _builder_version=&#8221;4.16&#8243; _module_preset=&#8221;default&#8221; custom_padding=&#8221;30px||||false|false&#8221; global_colors_info=&#8221;{}&#8221;][et_pb_column type=&#8221;1_2&#8243; _builder_version=&#8221;4.16&#8243; _module_preset=&#8221;default&#8221; global_colors_info=&#8221;{}&#8221;][et_pb_image src=&#8221;https:\/\/isottaparfums.com\/wp-content\/uploads\/2022\/06\/sanctuaire_iris.jpg&#8221; alt=&#8221;Sanctuaire Iris&#8221; url=&#8221;https:\/\/isottaparfums.com\/en\/produit\/sanctuaire\/&#8221; _builder_version=&#8221;4.17.6&#8243; _module_preset=&#8221;default&#8221; width=&#8221;80%&#8221; module_alignment=&#8221;center&#8221; global_colors_info=&#8221;{}&#8221;][\/et_pb_image][et_pb_text _builder_version=&#8221;4.17.6&#8243; _module_preset=&#8221;default&#8221; text_font_size=&#8221;15px&#8221; header_2_font=&#8221;||on||||||&#8221; header_2_text_align=&#8221;center&#8221; header_2_font_size=&#8221;28px&#8221; header_2_letter_spacing=&#8221;5px&#8221; header_2_line_height=&#8221;1.7em&#8221; header_3_font=&#8221;|600|||||||&#8221; header_3_text_color=&#8221;#211B00&#8243; header_3_font_size=&#8221;18px&#8221; custom_margin=&#8221;-20px||||false|false&#8221; link_option_url=&#8221;https:\/\/isottaparfums.com\/en\/produit\/sanctuaire\/&#8221; global_colors_info=&#8221;{}&#8221;]<\/p>\n<h2>Sanctuaire<\/h2>\n<p>[\/et_pb_text][\/et_pb_column][et_pb_column type=&#8221;1_2&#8243; _builder_version=&#8221;4.16&#8243; _module_preset=&#8221;default&#8221; global_colors_info=&#8221;{}&#8221;][et_pb_image src=&#8221;https:\/\/isottaparfums.com\/wp-content\/uploads\/2022\/06\/santal.jpg&#8221; alt=&#8221;Il satiro danzante&#8221; url=&#8221;https:\/\/isottaparfums.com\/en\/produit\/il-satiro-danzante\/&#8221; _builder_version=&#8221;4.17.6&#8243; _module_preset=&#8221;default&#8221; width=&#8221;80%&#8221; module_alignment=&#8221;center&#8221; box_shadow_style=&#8221;preset1&#8243; global_colors_info=&#8221;{}&#8221;][\/et_pb_image][et_pb_text _builder_version=&#8221;4.17.6&#8243; _module_preset=&#8221;default&#8221; text_font_size=&#8221;15px&#8221; header_2_font=&#8221;||on||||||&#8221; header_2_text_align=&#8221;center&#8221; header_2_font_size=&#8221;28px&#8221; header_2_letter_spacing=&#8221;5px&#8221; header_2_line_height=&#8221;1.7em&#8221; header_3_font=&#8221;|600|||||||&#8221; header_3_text_color=&#8221;#211B00&#8243; header_3_font_size=&#8221;18px&#8221; custom_margin=&#8221;-20px||||false|false&#8221; link_option_url=&#8221;https:\/\/isottaparfums.com\/en\/produit\/il-satiro-danzante\/&#8221; global_colors_info=&#8221;{}&#8221;]<\/p>\n<h2>Il Satiro danzante<\/h2>\n<p>[\/et_pb_text][\/et_pb_column][\/et_pb_row][\/et_pb_section][et_pb_section fb_built=&#8221;1&#8243; _builder_version=&#8221;4.17.6&#8243; _module_preset=&#8221;default&#8221; global_colors_info=&#8221;{}&#8221;][et_pb_row _builder_version=&#8221;4.17.6&#8243; _module_preset=&#8221;default&#8221; global_colors_info=&#8221;{}&#8221;][et_pb_column type=&#8221;4_4&#8243; _builder_version=&#8221;4.17.6&#8243; _module_preset=&#8221;default&#8221; global_colors_info=&#8221;{}&#8221;][et_pb_text _builder_version=&#8221;4.17.6&#8243; _module_preset=&#8221;default&#8221; text_font_size=&#8221;15px&#8221; header_2_font=&#8221;||on||||||&#8221; header_2_text_align=&#8221;center&#8221; header_2_font_size=&#8221;28px&#8221; header_2_letter_spacing=&#8221;5px&#8221; header_2_line_height=&#8221;1.7em&#8221; header_3_font=&#8221;|600|||||||&#8221; header_3_text_color=&#8221;#211B00&#8243; header_3_font_size=&#8221;18px&#8221; custom_margin=&#8221;-20px||||false|false&#8221; global_colors_info=&#8221;{}&#8221;]<\/p>\n<h2>Discover our 8 fragrances on paper<\/h2>\n<p>[\/et_pb_text][\/et_pb_column][\/et_pb_row][et_pb_row column_structure=&#8221;3_5,2_5&#8243; _builder_version=&#8221;4.17.6&#8243; _module_preset=&#8221;default&#8221; custom_css_main_element=&#8221;||    display: -webkit-box;||    display: -ms-flexbox;||    display: flex;||    -webkit-box-align: center;||    -ms-flex-align: center;||    align-items: center;||    -webkit-box-orient: horizontal;||    -webkit-box-direction: normal;||    -ms-flex-direction: row;||    flex-direction: row;||    -ms-flex-wrap: wrap;||    flex-wrap: wrap;&#8221; global_colors_info=&#8221;{}&#8221;][et_pb_column type=&#8221;3_5&#8243; _builder_version=&#8221;4.17.6&#8243; _module_preset=&#8221;default&#8221; global_colors_info=&#8221;{}&#8221;][et_pb_image src=&#8221;https:\/\/isottaparfums.com\/wp-content\/uploads\/2022\/08\/8_parfums_Isotta.jpg&#8221; alt=&#8221;8 fragrances Isotta&#8221; _builder_version=&#8221;4.17.6&#8243; _module_preset=&#8221;default&#8221; global_colors_info=&#8221;{}&#8221;][\/et_pb_image][\/et_pb_column][et_pb_column type=&#8221;2_5&#8243; _builder_version=&#8221;4.17.6&#8243; _module_preset=&#8221;default&#8221; global_colors_info=&#8221;{}&#8221;][et_pb_text _builder_version=&#8221;4.17.6&#8243; _module_preset=&#8221;default&#8221; text_text_color=&#8221;#917500&#8243; text_font_size=&#8221;20px&#8221; text_line_height=&#8221;1.4em&#8221; global_colors_info=&#8221;{}&#8221;]<\/p>\n<p>Receive the 8 fragrances on perfumery blotters each in its glassine bag.<\/p>\n<p>[\/et_pb_text][et_pb_button button_url=&#8221;https:\/\/isottaparfums.com\/en\/produit\/perfumery-blotters\/&#8221; button_text=&#8221;Learn more&#8221; _builder_version=&#8221;4.17.6&#8243; _module_preset=&#8221;default&#8221; custom_button=&#8221;on&#8221; button_text_size=&#8221;20px&#8221; button_text_color=&#8221;#917500&#8243; button_bg_color=&#8221;rgba(251,249,238,0.8)&#8221; button_border_width=&#8221;0px&#8221; button_font=&#8221;||on||||||&#8221; button_icon=&#8221;&#x39;||divi||400&#8243; box_shadow_style=&#8221;preset1&#8243; box_shadow_color=&#8221;rgba(0,0,0,0.15)&#8221; global_colors_info=&#8221;{}&#8221;][\/et_pb_button][\/et_pb_column][\/et_pb_row][\/et_pb_section]<\/p>\n","protected":false},"excerpt":{"rendered":"<p>PetitgrainB\u00e9b\u00e9 N\u00e9roli\u00c0 tout jamaisL&#8217;Homme d&#8217;\u00e0 c\u00f4t\u00e9Amour Sacr\u00e9SanctuaireIl Satiro danzanteDiscover our 8 fragrances on paperReceive the 8 fragrances on perfumery blotters each in its glassine bag.<\/p>\n","protected":false},"author":11,"featured_media":0,"parent":0,"menu_order":0,"comment_status":"closed","ping_status":"closed","template":"","meta":{"_et_pb_use_builder":"on","_et_pb_old_content":"","_et_gb_content_width":"","footnotes":""},"dipi_cpt_category":[],"class_list":["post-40092","page","type-page","status-publish","hentry"],"_links":{"self":[{"href":"https:\/\/isottaparfums.com\/en\/wp-json\/wp\/v2\/pages\/40092","targetHints":{"allow":["GET"]}}],"collection":[{"href":"https:\/\/isottaparfums.com\/en\/wp-json\/wp\/v2\/pages"}],"about":[{"href":"https:\/\/isottaparfums.com\/en\/wp-json\/wp\/v2\/types\/page"}],"author":[{"embeddable":true,"href":"https:\/\/isottaparfums.com\/en\/wp-json\/wp\/v2\/users\/11"}],"replies":[{"embeddable":true,"href":"https:\/\/isottaparfums.com\/en\/wp-json\/wp\/v2\/comments?post=40092"}],"version-history":[{"count":0,"href":"https:\/\/isottaparfums.com\/en\/wp-json\/wp\/v2\/pages\/40092\/revisions"}],"wp:attachment":[{"href":"https:\/\/isottaparfums.com\/en\/wp-json\/wp\/v2\/media?parent=40092"}],"wp:term":[{"taxonomy":"dipi_cpt_category","embeddable":true,"href":"https:\/\/isottaparfums.com\/en\/wp-json\/wp\/v2\/dipi_cpt_category?post=40092"}],"curies":[{"name":"wp","href":"https:\/\/api.w.org\/{rel}","templated":true}]}}