{"id":40093,"date":"2022-08-12T17:39:11","date_gmt":"2022-08-12T15:39:11","guid":{"rendered":"https:\/\/isottaparfums.com\/cart\/"},"modified":"2024-03-08T10:15:38","modified_gmt":"2024-03-08T09:15:38","slug":"cart","status":"publish","type":"page","link":"https:\/\/isottaparfums.com\/en\/cart\/","title":{"rendered":"Shopping cart"},"content":{"rendered":"<p>[et_pb_section fb_built=&#8221;1&#8243; _builder_version=&#8221;4.16&#8243; da_disable_devices=&#8221;off|off|off&#8221; global_colors_info=&#8221;{}&#8221; da_is_popup=&#8221;off&#8221; da_exit_intent=&#8221;off&#8221; da_has_close=&#8221;on&#8221; da_alt_close=&#8221;off&#8221; da_dark_close=&#8221;off&#8221; da_not_modal=&#8221;on&#8221; da_is_singular=&#8221;off&#8221; da_with_loader=&#8221;off&#8221; da_has_shadow=&#8221;on&#8221;][et_pb_row _builder_version=&#8221;4.16&#8243; background_size=&#8221;initial&#8221; background_position=&#8221;top_left&#8221; background_repeat=&#8221;repeat&#8221; global_colors_info=&#8221;{}&#8221;][et_pb_column type=&#8221;4_4&#8243; _builder_version=&#8221;4.16&#8243; custom_padding=&#8221;|||&#8221; global_colors_info=&#8221;{}&#8221; custom_padding__hover=&#8221;|||&#8221;][et_pb_text _builder_version=&#8221;4.17.6&#8243; _module_preset=&#8221;default&#8221; global_colors_info=&#8221;{}&#8221;]<\/p>\n<h1>Shopping cart<\/h1>\n<p>[\/et_pb_text][et_pb_wc_cart_notice _builder_version=&#8221;4.17.6&#8243; custom_button=&#8221;on&#8221; button_text_color=&#8221;#917500&#8243; button_bg_color=&#8221;#FFFFFF&#8221; button_border_width=&#8221;1px&#8221; button_font=&#8221;||on||||||&#8221; button_icon=&#8221;&#xf54f;||fa||900&#8243; global_colors_info=&#8221;{}&#8221; button_bg_color__hover_enabled=&#8221;on|desktop&#8221; button_bg_color__hover=&#8221;RGBA(255,255,255,0)&#8221; button_bg_enable_color__hover=&#8221;on&#8221;][\/et_pb_wc_cart_notice][et_pb_wc_cart_products row_layout=&#8221;horizontal&#8221; placeholder_color=&#8221;#917500&#8243; table_header_background_color=&#8221;#FFFFFF&#8221; _builder_version=&#8221;4.17.6&#8243; form_field_background_color=&#8221;#f4f4f4&#8243; form_field_text_color=&#8221;#917500&#8243; form_field_focus_background_color=&#8221;#FFFFFF&#8221; form_field_focus_text_color=&#8221;#917500&#8243; form_field_custom_padding=&#8221;8px||8px||true|false&#8221; body_text_color=&#8221;#917500&#8243; table_header_font=&#8221;||||||||&#8221; table_header_font_size=&#8221;16px&#8221; custom_button=&#8221;on&#8221; button_text_size=&#8221;15px&#8221; button_text_color=&#8221;#917500&#8243; button_bg_color=&#8221;#FFFFFF&#8221; button_border_width=&#8221;1px&#8221; button_icon=&#8221;&#xf058;||fa||400&#8243; custom_disabled_button=&#8221;on&#8221; disabled_button_text_size=&#8221;15px&#8221; disabled_button_text_color=&#8221;#917500&#8243; disabled_button_bg_color=&#8221;#FFFFFF&#8221; disabled_button_border_width=&#8221;1px&#8221; disabled_button_icon=&#8221;&#xf2ea;||fa||900&#8243; border_radii_form_field=&#8221;on|3px|3px|3px|3px&#8221; global_colors_info=&#8221;{}&#8221;][\/et_pb_wc_cart_products][\/et_pb_column][\/et_pb_row][et_pb_row column_structure=&#8221;1_2,1_2&#8243; _builder_version=&#8221;4.16&#8243; background_size=&#8221;initial&#8221; background_position=&#8221;top_left&#8221; background_repeat=&#8221;repeat&#8221; global_colors_info=&#8221;{}&#8221;][et_pb_column type=&#8221;1_2&#8243; _builder_version=&#8221;4.16&#8243; custom_padding=&#8221;|||&#8221; global_colors_info=&#8221;{}&#8221; custom_padding__hover=&#8221;|||&#8221;][et_pb_text _builder_version=&#8221;4.24.2&#8243; _module_preset=&#8221;default&#8221; display_conditions=&#8221;W10=&#8221; custom_padding=&#8221;10px|15px|10px|15px|true|true&#8221; hover_enabled=&#8221;0&#8243; border_width_all=&#8221;2px&#8221; border_color_all=&#8221;#917500&#8243; global_colors_info=&#8221;{}&#8221; sticky_enabled=&#8221;0&#8243; border_radii=&#8221;on|15px|15px|15px|15px&#8221;]<\/p>\n<p>For any order of a 50 ml perfume, a 3 ml sample will be offered to you to discover another product. Do not hesitate to tell us which one would make you happy (among Petitgrain, B\u00e9b\u00e9 N\u00e9roli, A tout jamais, L&#8217;Homme d&#8217;\u00e0 c\u00f4t\u00e9, Sanctuaire, Amour Sacr\u00e9, I, Il satiro danzante).<\/p>\n<p>[\/et_pb_text][et_pb_image src=&#8221;https:\/\/isottaparfums.com\/wp-content\/uploads\/2022\/09\/echantillons_ensemble.jpg&#8221; alt=&#8221;sample isotta&#8221; _builder_version=&#8221;4.18.0&#8243; _module_preset=&#8221;default&#8221; display_conditions=&#8221;W10=&#8221; global_colors_info=&#8221;{}&#8221;][\/et_pb_image][et_pb_text _builder_version=&#8221;4.24.2&#8243; _module_preset=&#8221;default&#8221; display_conditions=&#8221;W10=&#8221; custom_padding=&#8221;10px|15px|10px|15px|true|true&#8221; hover_enabled=&#8221;0&#8243; border_radii=&#8221;on|15px|15px|15px|15px&#8221; border_width_all=&#8221;2px&#8221; border_color_all=&#8221;#917500&#8243; locked=&#8221;off&#8221; global_colors_info=&#8221;{}&#8221; sticky_enabled=&#8221;0&#8243;]<\/p>\n<p class=\"p1\">For an order to be shipped to a country that is not mentioned in the list aside, please give us an exact address so we can calculate the shipping costs. Thank you. Message <a href=\"mailto:%20contact@isottaparfums.com\">here.<\/a><\/p>\n<p>[\/et_pb_text][\/et_pb_column][et_pb_column type=&#8221;1_2&#8243; _builder_version=&#8221;4.16&#8243; custom_padding=&#8221;|||&#8221; global_colors_info=&#8221;{}&#8221; custom_padding__hover=&#8221;|||&#8221;][et_pb_wc_cart_totals _builder_version=&#8221;4.17.6&#8243; custom_button=&#8221;on&#8221; button_text_color=&#8221;#FFFFFF&#8221; button_bg_color=&#8221;#917500&#8243; button_border_width=&#8221;0px&#8221; button_icon=&#8221;&#x5a;||divi||400&#8243; global_colors_info=&#8221;{}&#8221;][\/et_pb_wc_cart_totals][\/et_pb_column][\/et_pb_row][\/et_pb_section]<\/p>\n","protected":false},"excerpt":{"rendered":"<p>Shopping cartFor any order of a 50 ml perfume, a 3 ml sample will be offered to you to discover another product. Do not hesitate to tell us which one would make you happy (among Petitgrain, B\u00e9b\u00e9 N\u00e9roli, A tout jamais, L&#8217;Homme d&#8217;\u00e0 c\u00f4t\u00e9, Sanctuaire, Amour Sacr\u00e9, I, Il satiro danzante).For an order to be [&hellip;]<\/p>\n","protected":false},"author":11,"featured_media":0,"parent":0,"menu_order":0,"comment_status":"closed","ping_status":"closed","template":"","meta":{"_et_pb_use_builder":"on","_et_pb_old_content":"","_et_gb_content_width":"","footnotes":""},"dipi_cpt_category":[],"class_list":["post-40093","page","type-page","status-publish","hentry"],"_links":{"self":[{"href":"https:\/\/isottaparfums.com\/en\/wp-json\/wp\/v2\/pages\/40093","targetHints":{"allow":["GET"]}}],"collection":[{"href":"https:\/\/isottaparfums.com\/en\/wp-json\/wp\/v2\/pages"}],"about":[{"href":"https:\/\/isottaparfums.com\/en\/wp-json\/wp\/v2\/types\/page"}],"author":[{"embeddable":true,"href":"https:\/\/isottaparfums.com\/en\/wp-json\/wp\/v2\/users\/11"}],"replies":[{"embeddable":true,"href":"https:\/\/isottaparfums.com\/en\/wp-json\/wp\/v2\/comments?post=40093"}],"version-history":[{"count":0,"href":"https:\/\/isottaparfums.com\/en\/wp-json\/wp\/v2\/pages\/40093\/revisions"}],"wp:attachment":[{"href":"https:\/\/isottaparfums.com\/en\/wp-json\/wp\/v2\/media?parent=40093"}],"wp:term":[{"taxonomy":"dipi_cpt_category","embeddable":true,"href":"https:\/\/isottaparfums.com\/en\/wp-json\/wp\/v2\/dipi_cpt_category?post=40093"}],"curies":[{"name":"wp","href":"https:\/\/api.w.org\/{rel}","templated":true}]}}