{"id":40109,"date":"2022-08-08T12:32:02","date_gmt":"2022-08-12T15:53:29","guid":{"rendered":"https:\/\/isottaparfums.com\/produit\/lhomme-da-cote\/"},"modified":"2025-03-15T15:54:54","modified_gmt":"2025-03-15T14:54:54","slug":"lhomme-da-cote","status":"publish","type":"product","link":"https:\/\/isottaparfums.com\/en\/produit\/lhomme-da-cote\/","title":{"rendered":"L&#8217;Homme d&#8217;\u00e0 c\u00f4t\u00e9"},"content":{"rendered":"<p>[et_pb_section fb_built=&#8221;1&#8243; _builder_version=&#8221;4.16&#8243; _module_preset=&#8221;default&#8221; global_colors_info=&#8221;{}&#8221;][et_pb_row column_structure=&#8221;3_5,2_5&#8243; use_custom_gutter=&#8221;on&#8221; gutter_width=&#8221;2&#8243; _builder_version=&#8221;4.16&#8243; _module_preset=&#8221;default&#8221; width=&#8221;90%&#8221; max_width=&#8221;1660px&#8221; custom_css_main_element=&#8221;    display: -webkit-box;||    display: -ms-flexbox;||    display: flex;||    -webkit-box-align: center;||    -ms-flex-align: center;||    align-items: center;||    -webkit-box-orient: horizontal;||    -webkit-box-direction: normal;||    -ms-flex-direction: row;||    flex-direction: row;||    -ms-flex-wrap: wrap;||    flex-wrap: wrap;&#8221; global_colors_info=&#8221;{}&#8221;][et_pb_column type=&#8221;3_5&#8243; _builder_version=&#8221;4.16&#8243; _module_preset=&#8221;default&#8221; global_colors_info=&#8221;{}&#8221;][et_pb_image src=&#8221;https:\/\/isottaparfums.com\/wp-content\/uploads\/2021\/12\/lhomme_da_cote_fiche.jpg&#8221; alt=&#8221;L&apos;Homme d&apos;\u00e0 c\u00f4t\u00e9 &#8211; Eau de parfum&#8221; _builder_version=&#8221;4.16&#8243; _module_preset=&#8221;default&#8221; global_colors_info=&#8221;{}&#8221;][\/et_pb_image][\/et_pb_column][et_pb_column type=&#8221;2_5&#8243; _builder_version=&#8221;4.16&#8243; _module_preset=&#8221;default&#8221; global_colors_info=&#8221;{}&#8221;][et_pb_text _builder_version=&#8221;4.16&#8243; _module_preset=&#8221;default&#8221; header_font=&#8221;||on||||||&#8221; header_font_size=&#8221;44px&#8221; header_letter_spacing=&#8221;4px&#8221; header_2_font=&#8221;||on||||||&#8221; header_2_font_size=&#8221;22px&#8221; global_colors_info=&#8221;{}&#8221;]<\/p>\n<h1>L&#8217;Homme d&#8217;\u00e0 c\u00f4t\u00e9<\/h1>\n<h2>Eau de Parfum<\/h2>\n<p>[\/et_pb_text][et_pb_text _builder_version=&#8221;4.16&#8243; _module_preset=&#8221;default&#8221; text_font=&#8221;||||||||&#8221; text_text_color=&#8221;#917500&#8243; text_font_size=&#8221;20px&#8221; header_font=&#8221;||on||||||&#8221; header_font_size=&#8221;38px&#8221; header_2_font=&#8221;||on||||||&#8221; header_2_font_size=&#8221;20px&#8221; global_colors_info=&#8221;{}&#8221;]<\/p>\n<p>Lavender and amber<\/p>\n<p>Beautiful<br \/>Reassuring<br \/>Good humor<br \/>Elegant<br \/>Visionary<br \/>Clear mystery<br \/>Has traveled, a lot.<\/p>\n<p>[\/et_pb_text][et_pb_wc_add_to_cart field_label_position=&#8221;inline&#8221; _builder_version=&#8221;4.17.6&#8243; _module_preset=&#8221;default&#8221; dropdown_menus_custom_margin=&#8221;20px||||false|false&#8221; field_label_font=&#8221;|600|on||||||&#8221; dropdown_menus_font_size=&#8221;14px&#8221; custom_button=&#8221;on&#8221; button_text_size=&#8221;23px&#8221; button_text_color=&#8221;#917500&#8243; button_bg_color=&#8221;rgba(251,249,238,0.8)&#8221; button_border_width=&#8221;0px&#8221; button_font=&#8221;|600|on||||||&#8221; button_icon=&#8221;&#xf218;||fa||900&#8243; box_shadow_style_button=&#8221;preset1&#8243; box_shadow_color_button=&#8221;rgba(0,0,0,0.15)&#8221; global_colors_info=&#8221;{}&#8221;][\/et_pb_wc_add_to_cart][\/et_pb_column][\/et_pb_row][\/et_pb_section][et_pb_section fb_built=&#8221;1&#8243; _builder_version=&#8221;4.16&#8243; _module_preset=&#8221;default&#8221; custom_padding=&#8221;10px||||false|false&#8221; global_colors_info=&#8221;{}&#8221;][et_pb_row column_structure=&#8221;1_4,1_4,1_2&#8243; use_custom_gutter=&#8221;on&#8221; gutter_width=&#8221;2&#8243; _builder_version=&#8221;4.16&#8243; _module_preset=&#8221;default&#8221; max_width=&#8221;1660px&#8221; global_colors_info=&#8221;{}&#8221;][et_pb_column type=&#8221;1_4&#8243; _builder_version=&#8221;4.16&#8243; _module_preset=&#8221;default&#8221; global_colors_info=&#8221;{}&#8221;][et_pb_text _builder_version=&#8221;4.16&#8243; _module_preset=&#8221;default&#8221; header_2_font=&#8221;|600|||||||&#8221; header_2_font_size=&#8221;18px&#8221; custom_margin=&#8221;8px|||50px|false|false&#8221; global_colors_info=&#8221;{}&#8221;]<\/p>\n<h2>PRODUCTS<\/h2>\n<p>[\/et_pb_text][et_pb_divider divider_weight=&#8221;0px&#8221; _builder_version=&#8221;4.16&#8243; _module_preset=&#8221;default&#8221; global_colors_info=&#8221;{}&#8221;][\/et_pb_divider][et_pb_divider divider_weight=&#8221;0px&#8221; _builder_version=&#8221;4.16&#8243; _module_preset=&#8221;default&#8221; global_colors_info=&#8221;{}&#8221;][\/et_pb_divider][et_pb_image src=&#8221;https:\/\/isottaparfums.com\/wp-content\/uploads\/2021\/12\/lhomme_da_cote_50ml.jpg&#8221; alt=&#8221;L&apos;Homme d&apos;\u00e0 c\u00f4t\u00e9 &#8211; 50 ml&#8221; align_tablet=&#8221;&#8221; align_phone=&#8221;center&#8221; align_last_edited=&#8221;on|phone&#8221; _builder_version=&#8221;4.16&#8243; _module_preset=&#8221;default&#8221; width=&#8221;80%&#8221; global_colors_info=&#8221;{}&#8221;][\/et_pb_image][et_pb_text _builder_version=&#8221;4.17.4&#8243; _module_preset=&#8221;default&#8221; text_font_size=&#8221;17px&#8221; text_line_height=&#8221;1.5em&#8221; custom_padding=&#8221;7px||||false|false&#8221; global_colors_info=&#8221;{}&#8221;]<\/p>\n<p>50 ml glass bottle, recyclable or reusable<br \/>Spay \u00e0 vis.<br \/>FSC recyclable paper case<br \/>FSC chlorine-free silk paper packaging, recyclable<br \/>\u20ac140<\/p>\n<p>[\/et_pb_text][\/et_pb_column][et_pb_column type=&#8221;1_4&#8243; _builder_version=&#8221;4.16&#8243; _module_preset=&#8221;default&#8221; global_colors_info=&#8221;{}&#8221;][et_pb_divider divider_weight=&#8221;0px&#8221; _builder_version=&#8221;4.16&#8243; _module_preset=&#8221;default&#8221; global_colors_info=&#8221;{}&#8221;][\/et_pb_divider][et_pb_divider divider_weight=&#8221;0px&#8221; _builder_version=&#8221;4.16&#8243; _module_preset=&#8221;default&#8221; global_colors_info=&#8221;{}&#8221;][\/et_pb_divider][et_pb_image src=&#8221;https:\/\/isottaparfums.com\/wp-content\/uploads\/2021\/12\/lhomme_da_cote_vapo.jpg&#8221; alt=&#8221;L&apos;Homme d&apos;\u00e0 c\u00f4t\u00e9 &#8211; 11 ml spray&#8221; align_tablet=&#8221;&#8221; align_phone=&#8221;center&#8221; align_last_edited=&#8221;on|phone&#8221; _builder_version=&#8221;4.16&#8243; _module_preset=&#8221;default&#8221; width=&#8221;54%&#8221; custom_padding=&#8221;23px||||false|false&#8221; global_colors_info=&#8221;{}&#8221;][\/et_pb_image][et_pb_text _builder_version=&#8221;4.17.4&#8243; _module_preset=&#8221;default&#8221; text_font_size=&#8221;17px&#8221; text_line_height=&#8221;1.5em&#8221; global_colors_info=&#8221;{}&#8221;]<\/p>\n<p>Bag sprayer<br \/>11 ml recyclable glass bottle, screw-on spray.<br \/>Pipette for refilling from 50 ml.<br \/>Recyclable FSC paper case.<br \/>Recyclable, chlrorine-free FSC silk paper packaging.<br \/>\u20ac40<\/p>\n<p>[\/et_pb_text][\/et_pb_column][et_pb_column type=&#8221;1_2&#8243; _builder_version=&#8221;4.16&#8243; _module_preset=&#8221;default&#8221; global_colors_info=&#8221;{}&#8221;][et_pb_tabs active_tab_background_color=&#8221;#ffffff&#8221; active_tab_text_color=&#8221;#917500&#8243; _builder_version=&#8221;4.16&#8243; _module_preset=&#8221;default&#8221; tab_text_color=&#8221;#917500&#8243; body_font_size=&#8221;18px&#8221; tab_font=&#8221;|||on|||||&#8221; tab_font_size=&#8221;18px&#8221; tab_line_height=&#8221;2em&#8221; border_width_all=&#8221;0px&#8221; global_colors_info=&#8221;{}&#8221;][et_pb_tab title=&#8221;Ingredients&#8221; _builder_version=&#8221;4.16&#8243; _module_preset=&#8221;default&#8221; body_font_size=&#8221;18px&#8221; global_colors_info=&#8221;{}&#8221;]<\/p>\n<p>Lavender Provence *<br \/>Rose Bulgaria*<br \/>Cistus Spain*<br \/>Vanilla Madagascar *<br \/>Patchouli Indonesia *<br \/>Vetiver Madagascar *<br \/>Incense Somalia **<br \/>Sandalwood New Caledonia**<br \/>Iris France<br \/>Ambrette India<br \/>Ambre gris des oc\u00e9ans **<\/p>\n<p>* certified organic<br \/>** pesticide-free crops or products harvested in the wild (uncultivated)<\/p>\n<p>100% of the ingredients are of natural origin, 84,60% are produced from certified organic farming; 1,05% come from pesticide-free agriculture or are harvested in the wild; 1,72% are from conventional agriculture and 12,63% is natural spring water.<\/p>\n<p>If we add the ingredients mineral water, certified organic and wild, we come up with 98,28% of the formula, which itself is 100% natural.<\/p>\n<p>[\/et_pb_tab][et_pb_tab title=&#8221;Notice&#8221; _builder_version=&#8221;4.16&#8243; _module_preset=&#8221;default&#8221; body_font_size=&#8221;18px&#8221; global_colors_info=&#8221;{}&#8221;]<\/p>\n<p>Ingredients: Alcohol, Aqua, Parfum, linalool, benzyl salicylate, limonene, citronellol, farnesol, geraniol, isoeugenol.<\/p>\n<p>Precautions for use:<br \/>Flammable. Keep away from all flame. Do not ingest, do not spray towards the eyes or irritated skin. Avoid sun exposure after application. Keep out of the reach of children. Do not spray on clothes to avoid stains. Do not use for any other purpose than as a perfume.<\/p>\n<p>The ingredients listed after \u201cParfum\u201d are the natural molecules present that may be susceptible to cause allergies.<\/p>\n<p>Recyclable glass bottle Packaging and silk paper recyclable. Spray non recyclable.<\/p>\n<p>EAU DE PARFUM<br \/>Made in France.<\/p>\n<p>[\/et_pb_tab][\/et_pb_tabs][\/et_pb_column][\/et_pb_row][\/et_pb_section]<\/p>\n","protected":false},"excerpt":{"rendered":"<p>L&#8217;Homme d&#8217;\u00e0 c\u00f4t\u00e9 Eau de ParfumLavender and amber BeautifulReassuringGood humorElegantVisionaryClear mysteryHas traveled, a lot.PRODUCTS50 ml glass bottle, recyclable or reusableSpay \u00e0 vis.FSC recyclable paper caseFSC chlorine-free silk paper packaging, recyclable\u20ac140Bag sprayer11 ml recyclable glass bottle, screw-on spray.Pipette for refilling from 50 ml.Recyclable FSC paper case.Recyclable, chlrorine-free FSC silk paper packaging.\u20ac40Lavender Provence *Rose Bulgaria*Cistus Spain*Vanilla Madagascar [&hellip;]<\/p>\n","protected":false},"featured_media":40357,"template":"","meta":{"_et_pb_use_builder":"on","_et_pb_old_content":"","_et_gb_content_width":""},"product_brand":[],"product_cat":[42],"product_tag":[],"class_list":{"0":"post-40109","1":"product","2":"type-product","3":"status-publish","4":"has-post-thumbnail","6":"product_cat-uncategorized","8":"first","9":"instock","10":"taxable","11":"shipping-taxable","12":"purchasable","13":"product-type-variable"},"_links":{"self":[{"href":"https:\/\/isottaparfums.com\/en\/wp-json\/wp\/v2\/product\/40109","targetHints":{"allow":["GET"]}}],"collection":[{"href":"https:\/\/isottaparfums.com\/en\/wp-json\/wp\/v2\/product"}],"about":[{"href":"https:\/\/isottaparfums.com\/en\/wp-json\/wp\/v2\/types\/product"}],"wp:featuredmedia":[{"embeddable":true,"href":"https:\/\/isottaparfums.com\/en\/wp-json\/wp\/v2\/media\/40357"}],"wp:attachment":[{"href":"https:\/\/isottaparfums.com\/en\/wp-json\/wp\/v2\/media?parent=40109"}],"wp:term":[{"taxonomy":"product_brand","embeddable":true,"href":"https:\/\/isottaparfums.com\/en\/wp-json\/wp\/v2\/product_brand?post=40109"},{"taxonomy":"product_cat","embeddable":true,"href":"https:\/\/isottaparfums.com\/en\/wp-json\/wp\/v2\/product_cat?post=40109"},{"taxonomy":"product_tag","embeddable":true,"href":"https:\/\/isottaparfums.com\/en\/wp-json\/wp\/v2\/product_tag?post=40109"}],"curies":[{"name":"wp","href":"https:\/\/api.w.org\/{rel}","templated":true}]}}